{"id":404,"date":"2025-05-12T21:05:41","date_gmt":"2025-05-12T21:05:41","guid":{"rendered":"http:\/\/www.magicmasterminds.com\/espanol\/?page_id=404"},"modified":"2026-04-19T02:32:56","modified_gmt":"2026-04-19T02:32:56","slug":"home","status":"publish","type":"page","link":"https:\/\/www.magicmasterminds.com\/espanol\/","title":{"rendered":"Home"},"content":{"rendered":"<div class=\"et_pb_section_0 et_pb_section et_section_regular et_block_section section_has_divider et_pb_bottom_divider preset--module--divi-section--default\">\n<div class=\"et_pb_row_0 et_pb_row et_block_row\">\n<div class=\"et_pb_column_0 et_pb_column et_pb_column_4_4 et-last-child et_block_column et_pb_css_mix_blend_mode_passthrough\">\n<div class=\"et_pb_image_0 et_pb_image et_pb_module et_block_module\"><span class=\"et_pb_image_wrap\"><img loading=\"lazy\" decoding=\"async\" src=\"https:\/\/www.magicmasterminds.com\/espanol\/wp-content\/uploads\/2024\/03\/Magic-Masterminds600.png\" width=\"600\" height=\"126\" srcset=\"https:\/\/www.magicmasterminds.com\/espanol\/wp-content\/uploads\/2024\/03\/Magic-Masterminds600.png 600w, https:\/\/www.magicmasterminds.com\/espanol\/wp-content\/uploads\/2024\/03\/Magic-Masterminds600-480x101.png 480w\" sizes=\"(min-width: 0px) and (max-width: 480px) 480px, (min-width: 481px) 600px, 100vw\" class=\"wp-image-31\" title=\"Magic Masterminds600\" alt=\"Magic Masterminds\" \/><\/span><\/div>\n\n<div class=\"et_pb_text_0 et_pb_text et_pb_bg_layout_dark et_animated et_pb_module et_block_module\"><div class=\"et_pb_text_inner\"><p>\u00a1Bienvenidos! Monica es Magic Masterminds. Estoy aqu\u00ed para acompa\u00f1arte.<\/p>\n<p>Te sientes inspirado para escribir un libro que deseas ver publicado. O tus memorias para luego compartirlas con tu familia.<\/p>\n<p>Quieres crear documentos de negocio que encanten, esas herramientas de ventas en la era digital.<\/p>\n<p>\u00a1Dile que s\u00ed a tu deseo!<\/p>\n<\/div><\/div>\n<\/div>\n<\/div>\n<div class=\"et_pb_bottom_inside_divider et-no-transition\"><\/div><\/div>\n\n<div class=\"et_pb_section_1 et_pb_section et_section_regular et_grid_section preset--module--divi-section--default\">\n<div class=\"et_pb_row_1 et_pb_row et_pb_equal_columns et_pb_gutters1 et_block_row preset--group--divi-row--divi-sizing--p1ly72o5v3\">\n<div class=\"et_pb_column_1 et_pb_column et_pb_column_1_3 et_block_column et_pb_css_mix_blend_mode_passthrough\">\n<div class=\"et_pb_text_1 et_pb_text et_pb_bg_layout_light et_animated et_pb_module et_block_module\"><div class=\"et_pb_text_inner\"><h2>Escribe tu<\/h2>\n<h2>memoria<\/h2>\n<\/div><\/div>\n\n<div class=\"et_pb_divider_0 et_pb_divider et_pb_space et_pb_divider_position_center et_animated et_pb_module\"><div class=\"et_pb_divider_internal\"><\/div><\/div>\n\n<div class=\"et_pb_text_2 et_pb_text et_pb_bg_layout_light et_animated et_pb_module et_block_module\"><div class=\"et_pb_text_inner\"><p>Comparte tu legado familiar con tus hijos y nietos, vean juntos esas fotos antiguas. Conozcan a los antepasados.<\/p>\n<p>Nuestro pasado moldea nuestro presente y nuestro futuro.<\/p>\n<\/div><\/div>\n\n<div class=\"et_pb_module et_pb_button_module_wrapper et_pb_button_0_wrapper\"><a class=\"et_pb_button_0 et_pb_button et_pb_bg_layout_light et_pb_module et_block_module\" href=\"https:\/\/www.magicmasterminds.com\/espanol\/escribe-tus-memorias\/\" target=\"_blank\" data-icon=\"$\">\u00a1S\u00ed a escribir mi memoria!<\/a><\/div>\n<\/div>\n\n<div class=\"et_pb_column_2 et_pb_column et_pb_column_1_3 et_block_column et_pb_css_mix_blend_mode_passthrough\">\n<div class=\"et_pb_text_3 et_pb_text et_pb_bg_layout_dark et_animated et_pb_module et_block_module\"><div class=\"et_pb_text_inner\"><h2>\u00a1Es hora! Escribe tu libro<\/h2>\n<\/div><\/div>\n\n<div class=\"et_pb_divider_1 et_pb_divider et_pb_space et_pb_divider_position_center et_animated et_pb_module\"><div class=\"et_pb_divider_internal\"><\/div><\/div>\n\n<div class=\"et_pb_text_4 et_pb_text et_pb_bg_layout_light et_animated et_pb_module et_block_module\"><div class=\"et_pb_text_inner\"><p>Tienes una gran idea y est\u00e1s lista para escribir tu libro. Deseas publicarlo. Pero, \u00bfd\u00f3nde empezar? Ven a conocer la t\u00e9cnica.<\/p>\n<p>Hay un estante en la librer\u00edas esperando tu libro.<\/p>\n<\/div><\/div>\n\n<div class=\"et_pb_module et_pb_button_module_wrapper et_pb_button_1_wrapper\"><a class=\"et_pb_button_1 et_pb_button et_pb_bg_layout_light et_pb_module et_block_module\" href=\"https:\/\/www.magicmasterminds.com\/espanol\/escribe-tu-libro\/\" data-icon=\"$\">\u00a1S\u00ed a escribir mi libro!<\/a><\/div>\n<\/div>\n\n<div class=\"et_pb_column_3 et_pb_column et_pb_column_1_3 et-last-child et_block_column et_pb_css_mix_blend_mode_passthrough\">\n<div class=\"et_pb_text_5 et_pb_text et_pb_bg_layout_dark et_animated et_pb_module et_block_module\"><div class=\"et_pb_text_inner\"><h2>Escribe Negocios<\/h2>\n<\/div><\/div>\n\n<div class=\"et_pb_divider_2 et_pb_divider et_pb_space et_pb_divider_position_center et_animated et_pb_module\"><div class=\"et_pb_divider_internal\"><\/div><\/div>\n\n<div class=\"et_pb_text_6 et_pb_text et_pb_bg_layout_light et_animated et_pb_module et_block_module\"><div class=\"et_pb_text_inner\"><p class=\"p1\">Que tu comunicaci\u00f3n empresarial sea efectiva. Juntos escribimos un documento de negocios, con la ayuda de la IA.<\/p>\n<p class=\"p1\">Tocamos las emociones de tu lector. Y las soportamos con pragmatismo.<\/p>\n<\/div><\/div>\n\n<div class=\"et_pb_module et_pb_button_module_wrapper et_pb_button_2_wrapper\"><a class=\"et_pb_button_2 et_pb_button et_pb_bg_layout_light et_pb_module et_block_module\" href=\"https:\/\/www.magicmasterminds.com\/espanol\/escribe-negocios\/\" data-icon=\"$\">\u00a1S\u00ed a escribir negocios!<\/a><\/div>\n<\/div>\n<\/div>\n\n<div class=\"et_pb_row_2 et_pb_row et_flex_row\">\n<div class=\"et_pb_column_4 et_pb_column et-last-child et_flex_column et_pb_css_mix_blend_mode_passthrough et_flex_column_24_24 et_flex_column_24_24_tablet et_flex_column_24_24_phone et_flex_column_24_24_phoneWide\">\n<div class=\"et_pb_text_7 et_pb_text et_pb_bg_layout_light et_pb_module et_flex_module\"><div class=\"et_pb_text_inner\"><h2 style=\"text-align: center;\">Ven a conocer mis servicios...<\/h2>\n<\/div><\/div>\n<\/div>\n<\/div>\n\n<div class=\"et_pb_row_3 et_pb_row et_pb_gutters4 et_block_row\">\n<div class=\"et_pb_column_5 et_pb_column et_pb_column_1_2 et_flex_column et_pb_css_mix_blend_mode_passthrough\">\n<div class=\"et_pb_module et_pb_button_module_wrapper et_pb_button_3_wrapper\"><a class=\"et_pb_button_3 et_pb_button et_pb_bg_layout_dark et_pb_module et_block_module\" href=\"https:\/\/www.magicmasterminds.com\/espanol\/redaccion-edicion\/\" data-icon=\"$\">Redacci\u00f3n y Edici\u00f3n<\/a><\/div>\n<\/div>\n\n<div class=\"et_pb_column_6 et_pb_column et_pb_column_1_2 et-last-child et_flex_column et_pb_css_mix_blend_mode_passthrough\">\n<div class=\"et_pb_module et_pb_button_module_wrapper et_pb_button_4_wrapper\"><a class=\"et_pb_button_4 et_pb_button et_pb_bg_layout_dark et_pb_module et_block_module\" href=\"https:\/\/www.magicmasterminds.com\/espanol\/proyectos-de-entrenamiento-de-ia\/\" target=\"_blank\" data-icon=\"$\">Entrenamiento de IA<\/a><\/div>\n<\/div>\n<\/div>\n<\/div>\n\n<div class=\"et_pb_section_2 et_pb_section et_section_regular et_block_section preset--module--divi-section--default\">\n<div class=\"et_pb_row_4 et_pb_row et_pb_gutters3 et_block_row\">\n<div class=\"et_pb_column_7 et_pb_column et_pb_column_1_2 et_block_column et_pb_css_mix_blend_mode_passthrough\">\n<div class=\"et_pb_text_8 et_pb_text et_pb_bg_layout_light et_animated et_pb_module et_block_module\"><div class=\"et_pb_text_inner\"><h2>Crea historias a partir de la investigaci\u00f3n<\/h2>\n<\/div><\/div>\n\n<div class=\"et_pb_blurb_0 et_pb_blurb et_pb_bg_layout_light et_pb_blurb_position_left et_pb_module et_block_module\"><div class=\"et_pb_blurb_content\"><div class=\"et_pb_main_blurb_image\"><span class=\"et_pb_image_wrap\"><span class=\"et-pb-icon et-waypoint et_pb_animation_top et_pb_animation_top_tablet et_pb_animation_top_phone\">{<\/span><\/span><\/div><div class=\"et_pb_blurb_container\"><\/div><\/div><\/div>\n\n<div class=\"et_pb_testimonial_0 et_pb_testimonial et_pb_icon_off et_pb_testimonial_no_image et_pb_bg_layout_light et_animated et_pb_module et_grid_module\"><div class=\"et_pb_testimonial_inner\"><div class=\"et_pb_testimonial_description et_grid_module\"><div class=\"et_pb_testimonial_description_inner\"><div class=\"et_pb_testimonial_content\" data-et-mv-hidden-phonewide=\"true\"><p><span>He tenido la oportunidad de colaborar con\u00a0<\/span><b>Monica<\/b><span>\u00a0en la creaci\u00f3n de contenido de alto impacto junto a\u00a0<\/span><b>IDC<\/b><span>, y su trabajo destaca por una combinaci\u00f3n poco com\u00fan:\u00a0<\/span><b>rigor anal\u00edtico, claridad estrat\u00e9gica y foco real en generaci\u00f3n de valor para el negocio<\/b><span>. Monica tiene una gran capacidad para transformar research y an\u00e1lisis complejos en contenido claro, relevante y accionable, siempre alineado con los objetivos estrat\u00e9gicos de sus clientes. Adem\u00e1s,\u00a0<\/span><b>conoce en profundidad los distintos estilos de redacci\u00f3n en ingl\u00e9s y espa\u00f1ol.<\/b><\/p>\n<\/div><\/div><div class=\"et_pb_testimonial_author\">Alejandro Florean<\/div><div class=\"et_pb_testimonial_meta\"><span class=\"et_pb_testimonial_position\" data-et-mv-hidden-phonewide=\"true\">VP Custome Solutions<\/span><span class=\"et_pb_testimonial_separator\">, <\/span><span class=\"et_pb_testimonial_company\">IDC<\/span><\/div><\/div><\/div><\/div>\n<\/div>\n\n<div class=\"et_pb_column_8 et_pb_column et_pb_column_1_2 et-last-child et_flex_column et_pb_css_mix_blend_mode_passthrough\">\n<div class=\"et_pb_code_0 et_pb_code et_pb_module\"><div class=\"et_pb_code_inner\"><iframe loading=\"lazy\" width=\"560\" height=\"315\" src=\"https:\/\/www.youtube.com\/embed\/JuxlGV91jAc?si=DUNrybl356tYX7-Q\" title=\"YouTube video player\" frameborder=\"0\" allow=\"accelerometer; autoplay; clipboard-write; encrypted-media; gyroscope; picture-in-picture; web-share\" referrerpolicy=\"strict-origin-when-cross-origin\" allowfullscreen><\/iframe><\/div><\/div>\n<\/div>\n<\/div>\n<\/div>\n\n<div class=\"et_pb_section_3 et_pb_section et_section_regular et_block_section preset--module--divi-section--default\">\n<div class=\"et_pb_row_5 et_pb_row et_block_row\">\n<div class=\"et_pb_column_9 et_pb_column et_pb_column_4_4 et-last-child et_block_column et_pb_css_mix_blend_mode_passthrough\">\n<div class=\"et_pb_text_9 et_pb_text et_pb_bg_layout_dark et_animated et_pb_module et_block_module\"><div class=\"et_pb_text_inner\"><h2 class=\"et_pb_contact_main_title\" data-et-vb-editable-element=\"true\" contenteditable=\"true\" spellcheck=\"false\">Te acompa\u00f1o<\/h2>\n<\/div><\/div>\n\n<div class=\"et_pb_divider_3 et_pb_divider et_pb_space et_pb_divider_position_center et_animated et_pb_module\"><div class=\"et_pb_divider_internal\"><\/div><\/div>\n\n<div class=\"et_pb_text_10 et_pb_text et_pb_bg_layout_light et_pb_module et_block_module\"><div class=\"et_pb_text_inner\"><p>Gracias por tu mensaje. Me emociona estar contigo en esta aventura de escribir.<\/p>\n<\/div><\/div>\n<\/div>\n<\/div>\n\n<div class=\"et_pb_row_6 et_pb_row et_block_row\">\n<div class=\"et_pb_column_10 et_pb_column et_pb_column_4_4 et-last-child et_block_column et_pb_css_mix_blend_mode_passthrough\">\n<div class=\"et_pb_contact_form_0 et_pb_contact_form_container clearfix et_animated et_pb_module et_flex_module\" data-form_unique_num=\"0\" data-form_unique_id=\"7067d836e5cc6b8d0df5f1ee01accc26\" id=\"et_pb_contact_form_0\"><div class=\"et-pb-contact-message\"><\/div><div class=\"et_pb_contact\"><form class=\"et_pb_contact_form et_flex_module\" method=\"post\" action=\"https:\/\/www.magicmasterminds.com\/espanol\/wp-json\/wp\/v2\/pages\/404\">\n<div class=\"et_pb_contact_field_0 et_pb_contact_field et_pb_module et_flex_module et_flex_column_12_24 et_flex_column_12_24_tablet et_flex_column_12_24_phone et_flex_column_12_24_phoneWide\" data-id=\"first_name\" data-type=\"input\"><label class=\"et_pb_contact_form_label\" for=\"et_pb_contact_0_first_name_0\">Nombre<\/label><input type=\"text\" name=\"et_pb_contact_0_first_name_0\" id=\"et_pb_contact_0_first_name_0\" class=\"input\" data-required_mark=\"required\" data-field_type=\"input\" data-original_id=\"first_name\" placeholder=\"Nombre\" title=\"\" value=\"\" \/><\/div>\n\n<div class=\"et_pb_contact_field_1 et_pb_contact_field et_pb_module et_flex_module et_flex_column_12_24 et_flex_column_12_24_tablet et_flex_column_12_24_phone et_flex_column_12_24_phoneWide\" data-id=\"last_name\" data-type=\"input\"><label class=\"et_pb_contact_form_label\" for=\"et_pb_contact_0_last_name_1\">Apellido<\/label><input type=\"text\" name=\"et_pb_contact_0_last_name_1\" id=\"et_pb_contact_0_last_name_1\" class=\"input\" data-required_mark=\"required\" data-field_type=\"input\" data-original_id=\"last_name\" placeholder=\"Apellido\" title=\"\" value=\"\" \/><\/div>\n\n<div class=\"et_pb_contact_field_2 et_pb_contact_field et_pb_module et_flex_module et_flex_column_12_24 et_flex_column_12_24_tablet et_flex_column_12_24_phone et_flex_column_12_24_phoneWide\" data-id=\"email\" data-type=\"email\"><label class=\"et_pb_contact_form_label\" for=\"et_pb_contact_0_email_2\">Correo electr\u00f3nico<\/label><input type=\"text\" name=\"et_pb_contact_0_email_2\" id=\"et_pb_contact_0_email_2\" class=\"input\" data-required_mark=\"required\" data-field_type=\"email\" data-original_id=\"email\" placeholder=\"Correo electr\u00f3nico\" title=\"\" value=\"\" \/><\/div>\n\n<div class=\"et_pb_contact_field_3 et_pb_contact_field et_pb_module et_flex_module et_flex_column_12_24 et_flex_column_12_24_tablet et_flex_column_12_24_phone et_flex_column_12_24_phoneWide\" data-id=\"phone\" data-type=\"input\"><label class=\"et_pb_contact_form_label\" for=\"et_pb_contact_0_phone_3\">Tel\u00e9fono<\/label><input type=\"text\" name=\"et_pb_contact_0_phone_3\" id=\"et_pb_contact_0_phone_3\" class=\"input\" data-required_mark=\"required\" data-field_type=\"input\" data-original_id=\"phone\" placeholder=\"Tel\u00e9fono\" pattern=\"[0-9\\s\\-]*\" title=\"Only numbers allowed.\" value=\"\" \/><\/div>\n\n<div class=\"et_pb_contact_field_4 et_pb_contact_field et_pb_module et_flex_module et_flex_column_12_24 et_flex_column_12_24_tablet et_flex_column_12_24_phone et_flex_column_12_24_phoneWide\" data-id=\"subject\" data-type=\"select\"><label class=\"et_pb_contact_form_label\" for=\"et_pb_contact_0_subject_4\">Tema<\/label><select name=\"et_pb_contact_0_subject_4\" id=\"et_pb_contact_0_subject_4\" class=\"et_pb_contact_select input\" data-required_mark=\"required\" data-field_type=\"select\" data-original_id=\"subject\"><option value=\"\">Tema<\/option><option value=\"Writing\/Ghostwriting\" data-id=\"\">Writing\/Ghostwriting<\/option><option value=\"Edition\/Translation\" data-id=\"\">Edition\/Translation<\/option><option value=\"Curso Escribe Negocios\" data-id=\"\">Curso Escribe Negocios<\/option><option value=\"Curso escribe tu libro\" data-id=\"\">Curso escribe tu libro<\/option><option value=\"Escribe tus memorias\" data-id=\"\">Escribe tus memorias<\/option><\/select><\/div>\n<input type=\"hidden\" name=\"et_pb_contactform_submit_7067d836e5cc6b8d0df5f1ee01accc26\" value=\"et_contact_proccess\" \/><div class=\"et_contact_bottom_container\"><div class=\"et_pb_contact_right et_pb_contact_field\"><p class=\"clearfix\"><span class=\"et_pb_contact_captcha_question\">8 + 15<\/span> = <input type=\"text\" size=\"2\" class=\"input et_pb_contact_captcha\" data-first_digit=\"8\" data-second_digit=\"15\" data-required_mark=\"required\" name=\"et_pb_contact_captcha_7067d836e5cc6b8d0df5f1ee01accc26\" autocomplete=\"off\" \/><\/p><\/div><div class=\"et_pb_button_wrapper\"><button type=\"submit\" name=\"et_builder_submit_button\" class=\"et_pb_button et_pb_contact_submit\" data-icon=\"$\">Enviar<\/button><\/div><\/div><input type=\"hidden\" id=\"_wpnonce-et-pb-contact-form-submitted-7067d836e5cc6b8d0df5f1ee01accc26\" name=\"_wpnonce-et-pb-contact-form-submitted-7067d836e5cc6b8d0df5f1ee01accc26\" value=\"21c1e9821c\" \/><input type=\"hidden\" name=\"_wp_http_referer\" value=\"\/espanol\/wp-json\/wp\/v2\/pages\/404\" \/><\/form><\/div><\/div>\n<\/div>\n<\/div>\n<\/div>\n\n<div class=\"et_pb_section_4 et_pb_section et_section_regular et_grid_section preset--module--divi-section--default\"><div class=\"et_pb_row_7 et_pb_row et_block_row\"><div class=\"et_pb_column_11 et_pb_column et_pb_column_4_4 et-last-child et_block_column et_pb_css_mix_blend_mode_passthrough\"><div class=\"et_pb_text_11 et_pb_text et_pb_bg_layout_light et_pb_module et_block_module\"><div class=\"et_pb_text_inner\"><h2 style=\"text-align: center;\">S\u00edgueme<\/h2>\n<\/div><\/div><ul class=\"et_pb_social_media_follow_0 et_pb_social_media_follow clearfix et_pb_bg_layout_light et_pb_text_align_center et_pb_module et_block_module\"><li class=\"et_pb_social_media_follow_network_0 et_pb_social_media_follow_network et_pb_social_icon et_pb_social_network_link et-social-facebook et_pb_module et_flex_module\"><a href=\"https:\/\/www.facebook.com\/MonicPaul\" class=\"icon\" target=\"_self\" title=\"Follow on Facebook\" rel=\"noopener\"><span class=\"et_pb_social_media_follow_network_name\">Follow<\/span><\/a><\/li><li class=\"et_pb_social_media_follow_network_1 et_pb_social_media_follow_network et_pb_social_icon et_pb_social_network_link et-social-instagram et_pb_module et_flex_module\"><a href=\"https:\/\/www.instagram.com\/monicmpaul\" class=\"icon\" target=\"_self\" title=\"Follow on Instagram\" rel=\"noopener\"><span class=\"et_pb_social_media_follow_network_name\">Follow<\/span><\/a><\/li><li class=\"et_pb_social_media_follow_network_2 et_pb_social_media_follow_network et_pb_social_icon et_pb_social_network_link et-pb-social-fa-icon et-social-medium et_pb_module et_flex_module\"><a href=\"https:\/\/medium.com\/@MonicPaul\" class=\"icon\" target=\"_self\" title=\"Follow on Medium\" rel=\"noopener\"><span class=\"et_pb_social_media_follow_network_name\">Follow<\/span><\/a><\/li><li class=\"et_pb_social_media_follow_network_3 et_pb_social_media_follow_network et_pb_social_icon et_pb_social_network_link et-social-linkedin et_pb_module et_flex_module\"><a href=\"https:\/\/www.linkedin.com\/in\/monicapaul\/\" class=\"icon\" target=\"_self\" title=\"Follow on Linkedin\" rel=\"noopener\"><span class=\"et_pb_social_media_follow_network_name\">Follow<\/span><\/a><\/li><li class=\"et_pb_social_media_follow_network_4 et_pb_social_media_follow_network et_pb_social_icon et_pb_social_network_link et-pb-social-fa-icon et-social-whatsapp et_pb_module et_flex_module\"><a href=\"https:\/\/api.whatsapp.com\/send\/?phone=525568181228&#038;text&#038;type=phone_number&#038;app_absent=0\" class=\"icon\" target=\"_self\" title=\"Follow on Whatsapp\" rel=\"noopener\"><span class=\"et_pb_social_media_follow_network_name\">Follow<\/span><\/a><\/li><\/ul><\/div><\/div><\/div>","protected":false},"excerpt":{"rendered":"","protected":false},"author":1,"featured_media":0,"parent":0,"menu_order":0,"comment_status":"closed","ping_status":"closed","template":"","meta":{"footnotes":""},"class_list":["post-404","page","type-page","status-publish","hentry"],"_links":{"self":[{"href":"https:\/\/www.magicmasterminds.com\/espanol\/wp-json\/wp\/v2\/pages\/404","targetHints":{"allow":["GET"]}}],"collection":[{"href":"https:\/\/www.magicmasterminds.com\/espanol\/wp-json\/wp\/v2\/pages"}],"about":[{"href":"https:\/\/www.magicmasterminds.com\/espanol\/wp-json\/wp\/v2\/types\/page"}],"author":[{"embeddable":true,"href":"https:\/\/www.magicmasterminds.com\/espanol\/wp-json\/wp\/v2\/users\/1"}],"replies":[{"embeddable":true,"href":"https:\/\/www.magicmasterminds.com\/espanol\/wp-json\/wp\/v2\/comments?post=404"}],"version-history":[{"count":82,"href":"https:\/\/www.magicmasterminds.com\/espanol\/wp-json\/wp\/v2\/pages\/404\/revisions"}],"predecessor-version":[{"id":968,"href":"https:\/\/www.magicmasterminds.com\/espanol\/wp-json\/wp\/v2\/pages\/404\/revisions\/968"}],"wp:attachment":[{"href":"https:\/\/www.magicmasterminds.com\/espanol\/wp-json\/wp\/v2\/media?parent=404"}],"curies":[{"name":"wp","href":"https:\/\/api.w.org\/{rel}","templated":true}]}}