{"id":554,"date":"2025-12-04T00:00:16","date_gmt":"2025-12-04T00:00:16","guid":{"rendered":"http:\/\/www.magicmasterminds.com\/espanol\/?page_id=554"},"modified":"2026-04-26T20:48:32","modified_gmt":"2026-04-26T20:48:32","slug":"escribe-tus-memorias","status":"publish","type":"page","link":"https:\/\/www.magicmasterminds.com\/espanol\/escribe-tus-memorias\/","title":{"rendered":"Escribe tus memorias"},"content":{"rendered":"<div class=\"et_pb_section_0 et_pb_section et_section_regular et_block_section preset--module--divi-section--default\">\n<div class=\"et_pb_row_0 et_pb_row et_block_row\">\n<div class=\"et_pb_column_0 et_pb_column et_pb_column_1_3 et_block_column et_pb_column_empty et_pb_css_mix_blend_mode_passthrough\"><\/div>\n\n<div class=\"et_pb_column_1 et_pb_column et_pb_column_2_3 et-last-child et_block_column et_pb_css_mix_blend_mode_passthrough\">\n<div class=\"et_pb_text_0 et_pb_text et_pb_bg_layout_dark et_animated et_pb_module et_block_module\"><div class=\"et_pb_text_inner\"><h1>Escribe tus memorias<\/h1>\n<div id=\"gtx-trans\" style=\"position: absolute; left: -28px; top: 64.4375px;\">\n<div class=\"gtx-trans-icon\"><\/div>\n<\/div>\n<\/div><\/div>\n\n<div class=\"et_pb_text_1 et_pb_text et_pb_bg_layout_dark et_animated et_pb_module et_block_module\"><div class=\"et_pb_text_inner\"><p>Est\u00e1s lista para compartir tu legado. Porque tu pasado moldea el presente y el futuro de tu familia.<\/p>\n<\/div><\/div>\n<\/div>\n<\/div>\n<\/div>\n\n<div class=\"et_pb_section_1 et_pb_section et_section_regular et_block_section preset--module--divi-section--default\">\n<div class=\"et_pb_row_1 et_pb_row et_pb_row_1-4_3-4 et_pb_equal_columns et_pb_gutters2 et_block_row et_block_row_1-4_3-4\">\n<div class=\"et_pb_column_2 et_pb_column et_pb_column_1_4 et_block_column et_pb_css_mix_blend_mode_passthrough\">\n<div class=\"et_pb_image_0 et_pb_image et_pb_module et_block_module\"><span class=\"et_pb_image_wrap\"><img loading=\"lazy\" decoding=\"async\" src=\"https:\/\/www.magicmasterminds.com\/espanol\/wp-content\/uploads\/2026\/01\/WriteMemoir-small-e1769446645227.png\" width=\"1000\" height=\"1000\" sizes=\"(max-width: 1000px) 100vw, 1000px\" class=\"wp-image-666\" title=\"WriteMemoir small\" \/><\/span><\/div>\n<\/div>\n\n<div class=\"et_pb_column_3 et_pb_column et_pb_column_3_4 et-last-child et_block_column et_pb_css_mix_blend_mode_passthrough\">\n<div class=\"et_pb_text_2 et_pb_text et_pb_bg_layout_light et_animated et_pb_module et_block_module\"><div class=\"et_pb_text_inner\"><p class=\"p1\">Qu\u00e9 gusto saber que est\u00e1s lista para escribir tu memoria.<span class=\"Apple-converted-space\">\u00a0<\/span><\/p>\n<p class=\"p1\">Tienes recuerdos y an\u00e9cdotas que ya quieren ser inmortalizadas, y qu\u00e9 mejor medio que un libro para compartir con la familia y los amigos. Esos seres queridos que lo leer\u00e1n y recordar\u00e1n con amor esos momentos inolvidables<\/p>\n<p class=\"p1\">Yo estoy tan emocionada como t\u00fa. Al final de este curso habr\u00e1s escrito y revisado tu libro de memorias. Tendr\u00e1s tu libro ilustrado en formato electr\u00f3nico, junto con los archivos de portada y de contenido para imprimir los ejemplares que desees.<\/p>\n<p class=\"p1\">Estaremos juntas solo t\u00fa y yo durante las pr\u00f3ximas 26 semanas. Iremos de la mano, paso a paso, hasta completar tu libro de memorias.<\/p>\n<div id=\"gtx-trans\" style=\"position: absolute; left: 56px; top: 326px;\">\n<div class=\"gtx-trans-icon\"><\/div>\n<\/div>\n<\/div><\/div>\n<\/div>\n<\/div>\n\n<div class=\"et_pb_row_2 et_pb_row et_block_row\">\n<div class=\"et_pb_column_4 et_pb_column et_pb_column_4_4 et-last-child et_block_column et_pb_css_mix_blend_mode_passthrough\">\n<div class=\"et_pb_divider_0 et_pb_divider et_pb_space et_pb_divider_position_center et_pb_module\"><div class=\"et_pb_divider_internal\"><\/div><\/div>\n<\/div>\n<\/div>\n<\/div>\n\n<div class=\"et_pb_section_2 et_pb_section et_section_regular et_block_section preset--module--divi-section--default\">\n<div class=\"et_pb_row_3 et_pb_row et_block_row et_clickable\">\n<div class=\"et_pb_column_5 et_pb_column et_pb_column_4_4 et-last-child et_block_column et_pb_css_mix_blend_mode_passthrough\">\n<div class=\"et_pb_text_3 et_pb_text et_pb_bg_layout_light et_animated et_clickable et_pb_module et_block_module\"><div class=\"et_pb_text_inner\"><h2>Dos planes para tus memorias<\/h2>\n<\/div><\/div>\n\n<div class=\"et_pb_divider_1 et_pb_divider et_pb_space et_pb_divider_position_center et_animated et_pb_module\"><div class=\"et_pb_divider_internal\"><\/div><\/div>\n<\/div>\n<\/div>\n\n<div class=\"et_pb_row_4 et_pb_row et_pb_equal_columns et_pb_gutters2 et_block_row\">\n<div class=\"et_pb_column_6 et_pb_column et_pb_column_2_3 et_block_column et_pb_css_mix_blend_mode_passthrough\">\n<div class=\"et_pb_module et_pb_button_module_wrapper et_pb_button_0_wrapper\"><a class=\"et_pb_button_0 et_pb_button et_pb_bg_layout_dark et_pb_module et_block_module\" href=\"https:\/\/drive.google.com\/file\/d\/1vs_bfM0Rw74lc8v8ZaAKosN4Sdk1BqMb\/view?usp=sharing\" target=\"_blank\" data-icon=\"$\" rel=\"noopener\">Descarga el folleto del curso &quot;Escribe tus memorias acompa\u00f1ada&quot;<\/a><\/div>\n\n<div class=\"et_pb_text_4 et_pb_text et_pb_bg_layout_dark et_animated et_pb_module et_block_module\"><div class=\"et_pb_text_inner\"><h3 style=\"text-align: center;\">Escribe tus memorias acompa\u00f1ada<\/h3>\n<p>Dedicamos seis meses a trabajar en tus memorias.<\/p>\n<ul>\n<li style=\"text-align: left;\">Tres sesiones de dos horas para desarrollar la estructura y el esquema.\n<ul>\n<li style=\"text-align: left;\">\n<p class=\"p1\"><b>Planea tu libro de memorias.<\/b><\/p>\n<\/li>\n<li style=\"text-align: left;\">\n<p class=\"p1\"><b>El poder de los personajes.<\/b><\/p>\n<\/li>\n<li style=\"text-align: left;\">\n<p class=\"p1\"><b>Los pilares de la escritura creativa.<\/b><\/p>\n<\/li>\n<\/ul>\n<\/li>\n<\/ul>\n<p style=\"text-align: left;\">Durante las siguientes 23 semanas nos reuniremos en sesiones de una hora semanal para escribir, revisar y editar tu libro de memorias.<\/p>\n<p class=\"p1\" style=\"text-align: left;\">Escribir\u00e1s tus memorias paso a paso, an\u00e9cdota por an\u00e9cdota. Revisaremos y haremos ediciones necesarias sobre la marcha y al final. Seleccionar\u00e1s las im\u00e1genes. Dedicaremos una sesi\u00f3n para que elijas el dise\u00f1o de la portada y del interior de tu libro de memorias.<\/p>\n<p class=\"p1\"><strong>Modalidad: en l\u00ednea.<\/strong><\/p>\n<p class=\"p1\"><strong>Duraci\u00f3n: 26 semanas.<\/strong><\/p>\n<p class=\"p1\"><strong>Costo: $999 usd.\u00a0<\/strong><\/p>\n<\/div><\/div>\n<\/div>\n\n<div class=\"et_pb_column_7 et_pb_column et_pb_column_1_3 et-last-child et_block_column et_pb_css_mix_blend_mode_passthrough\">\n<div class=\"et_pb_divider_2 et_pb_divider et_pb_space et_pb_divider_position_center et_animated et_pb_module\"><div class=\"et_pb_divider_internal\"><\/div><\/div>\n\n<div class=\"et_pb_contact_form_0 et_pb_contact_form_container clearfix et_animated et_pb_module et_flex_module\" data-form_unique_num=\"0\" data-form_unique_id=\"7067d836e5cc6b8d0df5f1ee01accc26\" id=\"et_pb_contact_form_0\"><h2 class=\"et_pb_contact_main_title\">Conversemos<\/h2><div class=\"et-pb-contact-message\"><\/div><div class=\"et_pb_contact\"><form class=\"et_pb_contact_form et_flex_module\" method=\"post\" action=\"https:\/\/www.magicmasterminds.com\/espanol\/wp-json\/wp\/v2\/pages\/554\">\n<div class=\"et_pb_contact_field_0 et_pb_contact_field et_pb_module et_flex_module et_flex_column_12_24 et_flex_column_12_24_tablet et_flex_column_12_24_phone et_flex_column_12_24_phoneWide\" data-id=\"first_name\" data-type=\"input\"><label class=\"et_pb_contact_form_label\" for=\"et_pb_contact_0_first_name_0\">Nombre<\/label><input type=\"text\" name=\"et_pb_contact_0_first_name_0\" id=\"et_pb_contact_0_first_name_0\" class=\"input\" data-required_mark=\"required\" data-field_type=\"input\" data-original_id=\"first_name\" placeholder=\"Nombre\" title=\"\" value=\"\" \/><\/div>\n\n<div class=\"et_pb_contact_field_1 et_pb_contact_field et_pb_module et_flex_module et_flex_column_12_24 et_flex_column_12_24_tablet et_flex_column_12_24_phone et_flex_column_12_24_phoneWide\" data-id=\"last_name\" data-type=\"input\"><label class=\"et_pb_contact_form_label\" for=\"et_pb_contact_0_last_name_1\">Apellido<\/label><input type=\"text\" name=\"et_pb_contact_0_last_name_1\" id=\"et_pb_contact_0_last_name_1\" class=\"input\" data-required_mark=\"required\" data-field_type=\"input\" data-original_id=\"last_name\" placeholder=\"Apellido\" title=\"\" value=\"\" \/><\/div>\n\n<div class=\"et_pb_contact_field_2 et_pb_contact_field et_pb_module et_flex_module et_flex_column_24_24 et_flex_column_24_24_tablet et_flex_column_24_24_phone et_flex_column_24_24_phoneWide\" data-id=\"email\" data-type=\"email\"><label class=\"et_pb_contact_form_label\" for=\"et_pb_contact_0_email_2\">Correo electr\u00f3nico<\/label><input type=\"text\" name=\"et_pb_contact_0_email_2\" id=\"et_pb_contact_0_email_2\" class=\"input\" data-required_mark=\"required\" data-field_type=\"email\" data-original_id=\"email\" placeholder=\"Correo electr\u00f3nico\" title=\"\" value=\"\" \/><\/div>\n\n<div class=\"et_pb_contact_field_3 et_pb_contact_field et_pb_module et_flex_module et_flex_column_24_24 et_flex_column_24_24_tablet et_flex_column_24_24_phone et_flex_column_24_24_phoneWide\" data-id=\"phone\" data-type=\"input\"><label class=\"et_pb_contact_form_label\" for=\"et_pb_contact_0_phone_3\">Tel\u00e9fono m\u00f3vil<\/label><input type=\"text\" name=\"et_pb_contact_0_phone_3\" id=\"et_pb_contact_0_phone_3\" class=\"input\" data-required_mark=\"required\" data-field_type=\"input\" data-original_id=\"phone\" placeholder=\"Tel\u00e9fono m\u00f3vil\" pattern=\"[0-9\\s\\-]*\" title=\"Only numbers allowed.\" value=\"\" \/><\/div>\n\n<div class=\"et_pb_contact_field_4 et_pb_contact_field et_pb_module et_flex_module et_flex_column_24_24 et_flex_column_24_24_tablet et_flex_column_24_24_phone et_flex_column_24_24_phoneWide\" data-id=\"course\" data-type=\"select\"><label class=\"et_pb_contact_form_label\" for=\"et_pb_contact_0_course_4\">Curso<\/label><select name=\"et_pb_contact_0_course_4\" id=\"et_pb_contact_0_course_4\" class=\"et_pb_contact_select input\" data-required_mark=\"required\" data-field_type=\"select\" data-original_id=\"course\"><option value=\"\">Curso<\/option><option value=\"Escribe tus memorias acompa\u00f1ada.\" data-id=\"\">Escribe tus memorias acompa\u00f1ada.<\/option><\/select><\/div>\n<input type=\"hidden\" name=\"et_pb_contactform_submit_7067d836e5cc6b8d0df5f1ee01accc26\" value=\"et_contact_proccess\" \/><div class=\"et_contact_bottom_container\"><div class=\"et_pb_contact_right et_pb_contact_field\"><p class=\"clearfix\"><span class=\"et_pb_contact_captcha_question\">11 + 5<\/span> = <input type=\"text\" size=\"2\" class=\"input et_pb_contact_captcha\" data-first_digit=\"11\" data-second_digit=\"5\" data-required_mark=\"required\" name=\"et_pb_contact_captcha_7067d836e5cc6b8d0df5f1ee01accc26\" autocomplete=\"off\" \/><\/p><\/div><div class=\"et_pb_button_wrapper\"><button type=\"submit\" name=\"et_builder_submit_button\" class=\"et_pb_button et_pb_contact_submit\" data-icon=\"$\">Quiero que me acompa\u00f1es.<\/button><\/div><\/div><input type=\"hidden\" id=\"_wpnonce-et-pb-contact-form-submitted-7067d836e5cc6b8d0df5f1ee01accc26\" name=\"_wpnonce-et-pb-contact-form-submitted-7067d836e5cc6b8d0df5f1ee01accc26\" value=\"f72f04230a\" \/><input type=\"hidden\" name=\"_wp_http_referer\" value=\"\/espanol\/wp-json\/wp\/v2\/pages\/554\" \/><\/form><\/div><\/div>\n<\/div>\n<\/div>\n\n<div class=\"et_pb_row_5 et_pb_row et_block_row\">\n<div class=\"et_pb_column_8 et_pb_column et_pb_column_4_4 et-last-child et_block_column et_pb_css_mix_blend_mode_passthrough\">\n<div class=\"et_pb_divider_3 et_pb_divider et_pb_space et_pb_divider_position_center et_pb_module\"><div class=\"et_pb_divider_internal\"><\/div><\/div>\n<\/div>\n<\/div>\n\n<div class=\"et_pb_row_6 et_pb_row et_pb_gutters2 et_block_row\">\n<div class=\"et_pb_column_9 et_pb_column et_pb_column_2_3 et_block_column et_pb_css_mix_blend_mode_passthrough\">\n<div class=\"et_pb_text_5 et_pb_text et_pb_bg_layout_dark et_animated et_pb_module et_block_module\"><div class=\"et_pb_text_inner\"><h3>Edici\u00f3n y formato de tus memorias<\/h3>\n<p style=\"text-align: left;\">Si ya tienes escritas tus memorias y quieres compartirlas con familiares y amigos.<\/p>\n<ul>\n<li style=\"text-align: left;\">Revisi\u00f3n y edici\u00f3n.<\/li>\n<li style=\"text-align: left;\">Dise\u00f1o de portada.<\/li>\n<li style=\"text-align: left;\">Formato de libro electr\u00f3nico en PDF, incluyendo la portada.<\/li>\n<li style=\"text-align: left;\">Dos PDF con formato para impresi\u00f3n, uno de la portada y otro del contenido.<\/li>\n<\/ul>\n<p>As\u00ed podr\u00e1s imprimir y compartir tantas copias como quieras.<\/p>\n<p class=\"p1\"><strong>Costo: Cont\u00e1ctame para una cotizaci\u00f3n.<\/strong><\/p>\n<\/div><\/div>\n<\/div>\n\n<div class=\"et_pb_column_10 et_pb_column et_pb_column_1_3 et-last-child et_block_column et_pb_css_mix_blend_mode_passthrough\">\n<div class=\"et_pb_divider_4 et_pb_divider et_pb_space et_pb_divider_position_center et_animated et_pb_module\"><div class=\"et_pb_divider_internal\"><\/div><\/div>\n\n<div class=\"et_pb_contact_form_1 et_pb_contact_form_container clearfix et_animated et_pb_module et_flex_module\" data-form_unique_num=\"1\" data-form_unique_id=\"992a670dde86ce9baa98809866ce1eff\" id=\"et_pb_contact_form_0\"><h2 class=\"et_pb_contact_main_title\">Mayor informaci\u00f3n<\/h2><div class=\"et-pb-contact-message\"><\/div><div class=\"et_pb_contact\"><form class=\"et_pb_contact_form et_flex_module\" method=\"post\" action=\"https:\/\/www.magicmasterminds.com\/espanol\/wp-json\/wp\/v2\/pages\/554\">\n<div class=\"et_pb_contact_field_5 et_pb_contact_field et_pb_module et_flex_module et_flex_column_12_24 et_flex_column_12_24_tablet et_flex_column_12_24_phone et_flex_column_12_24_phoneWide\" data-id=\"first_name\" data-type=\"input\"><label class=\"et_pb_contact_form_label\" for=\"et_pb_contact_1_first_name_5\">Nombre<\/label><input type=\"text\" name=\"et_pb_contact_1_first_name_5\" id=\"et_pb_contact_1_first_name_5\" class=\"input\" data-required_mark=\"required\" data-field_type=\"input\" data-original_id=\"first_name\" placeholder=\"Nombre\" title=\"\" value=\"\" \/><\/div>\n\n<div class=\"et_pb_contact_field_6 et_pb_contact_field et_pb_module et_flex_module et_flex_column_12_24 et_flex_column_12_24_tablet et_flex_column_12_24_phone et_flex_column_12_24_phoneWide\" data-id=\"last_name\" data-type=\"input\"><label class=\"et_pb_contact_form_label\" for=\"et_pb_contact_1_last_name_6\">Apellido<\/label><input type=\"text\" name=\"et_pb_contact_1_last_name_6\" id=\"et_pb_contact_1_last_name_6\" class=\"input\" data-required_mark=\"required\" data-field_type=\"input\" data-original_id=\"last_name\" placeholder=\"Apellido\" title=\"\" value=\"\" \/><\/div>\n\n<div class=\"et_pb_contact_field_7 et_pb_contact_field et_pb_module et_flex_module et_flex_column_24_24 et_flex_column_24_24_tablet et_flex_column_24_24_phone et_flex_column_24_24_phoneWide\" data-id=\"email\" data-type=\"email\"><label class=\"et_pb_contact_form_label\" for=\"et_pb_contact_1_email_7\">Correo electr\u00f3nico<\/label><input type=\"text\" name=\"et_pb_contact_1_email_7\" id=\"et_pb_contact_1_email_7\" class=\"input\" data-required_mark=\"required\" data-field_type=\"email\" data-original_id=\"email\" placeholder=\"Correo electr\u00f3nico\" title=\"\" value=\"\" \/><\/div>\n\n<div class=\"et_pb_contact_field_8 et_pb_contact_field et_pb_module et_flex_module et_flex_column_24_24 et_flex_column_24_24_tablet et_flex_column_24_24_phone et_flex_column_24_24_phoneWide\" data-id=\"phone\" data-type=\"input\"><label class=\"et_pb_contact_form_label\" for=\"et_pb_contact_1_phone_8\">Tel\u00e9fono m\u00f3vil<\/label><input type=\"text\" name=\"et_pb_contact_1_phone_8\" id=\"et_pb_contact_1_phone_8\" class=\"input\" data-required_mark=\"required\" data-field_type=\"input\" data-original_id=\"phone\" placeholder=\"Tel\u00e9fono m\u00f3vil\" pattern=\"[0-9\\s\\-]*\" title=\"Only numbers allowed.\" value=\"\" \/><\/div>\n\n<div class=\"et_pb_contact_field_9 et_pb_contact_field et_pb_module et_flex_module et_flex_column_24_24 et_flex_column_24_24_tablet et_flex_column_24_24_phone et_flex_column_24_24_phoneWide\" data-id=\"course\" data-type=\"select\"><label class=\"et_pb_contact_form_label\" for=\"et_pb_contact_1_course_9\">Cotizacion<\/label><select name=\"et_pb_contact_1_course_9\" id=\"et_pb_contact_1_course_9\" class=\"et_pb_contact_select input\" data-required_mark=\"required\" data-field_type=\"select\" data-original_id=\"course\"><option value=\"\">Cotizacion<\/option><option value=\"Contacto para cotizaci\u00f3n\" data-id=\"\">Contacto para cotizaci\u00f3n<\/option><\/select><\/div>\n<input type=\"hidden\" name=\"et_pb_contactform_submit_992a670dde86ce9baa98809866ce1eff\" value=\"et_contact_proccess\" \/><div class=\"et_contact_bottom_container\"><div class=\"et_pb_contact_right et_pb_contact_field\"><p class=\"clearfix\"><span class=\"et_pb_contact_captcha_question\">8 + 10<\/span> = <input type=\"text\" size=\"2\" class=\"input et_pb_contact_captcha\" data-first_digit=\"8\" data-second_digit=\"10\" data-required_mark=\"required\" name=\"et_pb_contact_captcha_992a670dde86ce9baa98809866ce1eff\" autocomplete=\"off\" \/><\/p><\/div><div class=\"et_pb_button_wrapper\"><button type=\"submit\" name=\"et_builder_submit_button\" class=\"et_pb_button et_pb_contact_submit\" data-icon=\"$\">Hablemos, quiero una cotizaci\u00f3n.<\/button><\/div><\/div><input type=\"hidden\" id=\"_wpnonce-et-pb-contact-form-submitted-992a670dde86ce9baa98809866ce1eff\" name=\"_wpnonce-et-pb-contact-form-submitted-992a670dde86ce9baa98809866ce1eff\" value=\"c827c715a4\" \/><input type=\"hidden\" name=\"_wp_http_referer\" value=\"\/espanol\/wp-json\/wp\/v2\/pages\/554\" \/><\/form><\/div><\/div>\n<\/div>\n<\/div>\n<\/div>\n\n<div class=\"et_pb_section_3 et_pb_section et_section_regular et_block_section preset--module--divi-section--default\">\n<div class=\"et_pb_row_7 et_pb_row et_block_row\">\n<div class=\"et_pb_column_11 et_pb_column et_pb_column_1_2 et_block_column et_pb_css_mix_blend_mode_passthrough\">\n<div class=\"et_pb_text_6 et_pb_text et_pb_bg_layout_dark et_animated et_pb_module et_block_module\"><div class=\"et_pb_text_inner\"><h2>\u00a1Tus palabras listas para brillar!<\/h2>\n<\/div><\/div>\n\n<div class=\"et_pb_divider_5 et_pb_divider et_pb_space et_pb_divider_position_center et_animated et_pb_module\"><div class=\"et_pb_divider_internal\"><\/div><\/div>\n\n<div class=\"et_pb_image_1 et_pb_image et_animated et_pb_module et_block_module\"><span class=\"et_pb_image_wrap\"><img loading=\"lazy\" decoding=\"async\" src=\"https:\/\/www.magicmasterminds.com\/espanol\/wp-content\/uploads\/2025\/12\/MagicBook-site-small.png\" width=\"1075\" height=\"1000\" srcset=\"https:\/\/www.magicmasterminds.com\/espanol\/wp-content\/uploads\/2025\/12\/MagicBook-site-small.png 1075w, https:\/\/www.magicmasterminds.com\/espanol\/wp-content\/uploads\/2025\/12\/MagicBook-site-small-980x912.png 980w, https:\/\/www.magicmasterminds.com\/espanol\/wp-content\/uploads\/2025\/12\/MagicBook-site-small-480x447.png 480w\" sizes=\"(min-width: 0px) and (max-width: 480px) 480px, (min-width: 481px) and (max-width: 980px) 980px, (min-width: 981px) 1075px, 100vw\" class=\"wp-image-591\" title=\"MagicBook-site small\" alt=\"Magic Book\" \/><\/span><\/div>\n<\/div>\n\n<div class=\"et_pb_column_12 et_pb_column et_pb_column_1_2 et-last-child et_block_column et_pb_css_mix_blend_mode_passthrough\">\n<div class=\"et_pb_image_2 et_pb_image et_animated et_pb_module et_block_module\"><span class=\"et_pb_image_wrap\"><img loading=\"lazy\" decoding=\"async\" src=\"https:\/\/www.magicmasterminds.com\/espanol\/wp-content\/uploads\/2025\/05\/magicwritinglotus-square.jpg\" width=\"1086\" height=\"1000\" srcset=\"https:\/\/www.magicmasterminds.com\/espanol\/wp-content\/uploads\/2025\/05\/magicwritinglotus-square.jpg 1086w, https:\/\/www.magicmasterminds.com\/espanol\/wp-content\/uploads\/2025\/05\/magicwritinglotus-square-980x902.jpg 980w, https:\/\/www.magicmasterminds.com\/espanol\/wp-content\/uploads\/2025\/05\/magicwritinglotus-square-480x442.jpg 480w\" sizes=\"(min-width: 0px) and (max-width: 480px) 480px, (min-width: 481px) and (max-width: 980px) 980px, (min-width: 981px) 1086px, 100vw\" class=\"wp-image-424\" title=\"magicwritinglotus-square\" \/><\/span><\/div>\n<\/div>\n<\/div>\n<\/div>\n\n<div class=\"et_pb_section_4 et_pb_section et_section_regular et_grid_section preset--module--divi-section--default\"><div class=\"et_pb_row_8 et_pb_row et_block_row\"><div class=\"et_pb_column_13 et_pb_column et_pb_column_4_4 et-last-child et_block_column et_pb_css_mix_blend_mode_passthrough\"><div class=\"et_pb_text_7 et_pb_text et_pb_bg_layout_light et_pb_module et_block_module\"><div class=\"et_pb_text_inner\"><h2 style=\"text-align: center;\">S\u00edgueme<\/h2>\n<\/div><\/div><ul class=\"et_pb_social_media_follow_0 et_pb_social_media_follow clearfix et_pb_bg_layout_light et_pb_text_align_center et_pb_module et_block_module\"><li class=\"et_pb_social_media_follow_network_0 et_pb_social_media_follow_network et_pb_social_icon et_pb_social_network_link et-social-facebook et_pb_module et_flex_module\"><a href=\"https:\/\/www.facebook.com\/MonicPaul\" class=\"icon\" target=\"_self\" title=\"Follow on Facebook\" rel=\"noopener\"><span class=\"et_pb_social_media_follow_network_name\">Follow<\/span><\/a><\/li><li class=\"et_pb_social_media_follow_network_1 et_pb_social_media_follow_network et_pb_social_icon et_pb_social_network_link et-social-instagram et_pb_module et_flex_module\"><a href=\"https:\/\/www.instagram.com\/monicmpaul\" class=\"icon\" target=\"_self\" title=\"Follow on Instagram\" rel=\"noopener\"><span class=\"et_pb_social_media_follow_network_name\">Follow<\/span><\/a><\/li><li class=\"et_pb_social_media_follow_network_2 et_pb_social_media_follow_network et_pb_social_icon et_pb_social_network_link et-pb-social-fa-icon et-social-medium et_pb_module et_flex_module\"><a href=\"https:\/\/medium.com\/@MonicPaul\" class=\"icon\" target=\"_self\" title=\"Follow on Medium\" rel=\"noopener\"><span class=\"et_pb_social_media_follow_network_name\">Follow<\/span><\/a><\/li><li class=\"et_pb_social_media_follow_network_3 et_pb_social_media_follow_network et_pb_social_icon et_pb_social_network_link et-social-linkedin et_pb_module et_flex_module\"><a href=\"https:\/\/www.linkedin.com\/in\/monicapaul\/\" class=\"icon\" target=\"_self\" title=\"Follow on Linkedin\" rel=\"noopener\"><span class=\"et_pb_social_media_follow_network_name\">Follow<\/span><\/a><\/li><li class=\"et_pb_social_media_follow_network_4 et_pb_social_media_follow_network et_pb_social_icon et_pb_social_network_link et-pb-social-fa-icon et-social-whatsapp et_pb_module et_flex_module\"><a href=\"https:\/\/api.whatsapp.com\/send\/?phone=525568181228&#038;text&#038;type=phone_number&#038;app_absent=0\" class=\"icon\" target=\"_self\" title=\"Follow on Whatsapp\" rel=\"noopener\"><span class=\"et_pb_social_media_follow_network_name\">Follow<\/span><\/a><\/li><\/ul><\/div><\/div><\/div>","protected":false},"excerpt":{"rendered":"","protected":false},"author":1,"featured_media":0,"parent":0,"menu_order":0,"comment_status":"closed","ping_status":"closed","template":"","meta":{"footnotes":""},"class_list":["post-554","page","type-page","status-publish","hentry"],"_links":{"self":[{"href":"https:\/\/www.magicmasterminds.com\/espanol\/wp-json\/wp\/v2\/pages\/554","targetHints":{"allow":["GET"]}}],"collection":[{"href":"https:\/\/www.magicmasterminds.com\/espanol\/wp-json\/wp\/v2\/pages"}],"about":[{"href":"https:\/\/www.magicmasterminds.com\/espanol\/wp-json\/wp\/v2\/types\/page"}],"author":[{"embeddable":true,"href":"https:\/\/www.magicmasterminds.com\/espanol\/wp-json\/wp\/v2\/users\/1"}],"replies":[{"embeddable":true,"href":"https:\/\/www.magicmasterminds.com\/espanol\/wp-json\/wp\/v2\/comments?post=554"}],"version-history":[{"count":17,"href":"https:\/\/www.magicmasterminds.com\/espanol\/wp-json\/wp\/v2\/pages\/554\/revisions"}],"predecessor-version":[{"id":1032,"href":"https:\/\/www.magicmasterminds.com\/espanol\/wp-json\/wp\/v2\/pages\/554\/revisions\/1032"}],"wp:attachment":[{"href":"https:\/\/www.magicmasterminds.com\/espanol\/wp-json\/wp\/v2\/media?parent=554"}],"curies":[{"name":"wp","href":"https:\/\/api.w.org\/{rel}","templated":true}]}}