{"id":784,"date":"2026-03-04T21:12:24","date_gmt":"2026-03-04T21:12:24","guid":{"rendered":"https:\/\/www.magicmasterminds.com\/espanol\/?page_id=784"},"modified":"2026-04-28T16:35:06","modified_gmt":"2026-04-28T16:35:06","slug":"escribe-negocios","status":"publish","type":"page","link":"https:\/\/www.magicmasterminds.com\/espanol\/escribe-negocios\/","title":{"rendered":"Escribe negocios"},"content":{"rendered":"<div class=\"et_pb_section_0 et_pb_section et_section_regular et_block_section preset--module--divi-section--default\">\n<div class=\"et_pb_row_0 et_pb_row et_flex_row\">\n<div class=\"et_pb_column_0 et_pb_column et_flex_column et_pb_css_mix_blend_mode_passthrough et_flex_column_24_24 et_flex_column_24_24_tablet et_flex_column_24_24_phone et_flex_column_24_24_phoneWide\">\n<div class=\"et_pb_text_0 et_pb_text et_pb_bg_layout_dark et_animated et_pb_module et_block_module\"><div class=\"et_pb_text_inner\"><h1>Escribe negocios\u00a0<\/h1>\n<\/div><\/div>\n\n<div class=\"et_pb_text_1 et_pb_text et_pb_bg_layout_dark et_animated et_pb_module et_block_module\"><div class=\"et_pb_text_inner\"><p><strong>Escribe negocios en la era de la IA. Lleva tu voz y la de tu negocio a tus clientes y prospectos. Crea documentos de negocio que compartan tu mensaje y se relacionen con tus lectores.<\/strong><\/p>\n<\/div><\/div>\n<\/div>\n\n<div class=\"et_pb_column_1 et_pb_column et-last-child et_flex_column et_pb_column_empty et_pb_css_mix_blend_mode_passthrough et_flex_column_24_24 et_flex_column_24_24_tablet et_flex_column_24_24_phone et_flex_column_24_24_phoneWide\"><\/div>\n<\/div>\n<\/div>\n\n<div class=\"et_pb_section_1 et_pb_section et_section_regular et_block_section preset--module--divi-section--default\">\n<div class=\"et_pb_row_1 et_pb_row et_block_row\">\n<div class=\"et_pb_column_2 et_pb_column et_pb_column_4_4 et-last-child et_block_column et_pb_css_mix_blend_mode_passthrough\">\n<div class=\"et_pb_text_2 et_pb_text et_pb_bg_layout_light et_animated et_pb_module et_block_module\"><div class=\"et_pb_text_inner\"><h1 style=\"text-align: center;\">Para vender hay que salir a la calle\u2026<\/h1>\n<h1 style=\"text-align: center;\">Pero se vale llevar un As bajo la manga.<\/h1>\n<\/div><\/div>\n<\/div>\n<\/div>\n\n<div class=\"et_pb_row_2 et_pb_row et_pb_equal_columns et_pb_gutters1 et_block_row\">\n<div class=\"et_pb_column_3 et_pb_column et_pb_column_1_2 et_block_column et_pb_css_mix_blend_mode_passthrough\">\n<div class=\"et_pb_image_0 et_pb_image et_pb_module et_block_module\"><span class=\"et_pb_image_wrap\"><img loading=\"lazy\" decoding=\"async\" src=\"https:\/\/www.magicmasterminds.com\/espanol\/wp-content\/uploads\/2026\/03\/Write-Business-1000.png\" title=\"Write Business 1000\" width=\"1000\" height=\"1000\" srcset=\"https:\/\/www.magicmasterminds.com\/espanol\/wp-content\/uploads\/2026\/03\/Write-Business-1000.png 1000w, https:\/\/www.magicmasterminds.com\/espanol\/wp-content\/uploads\/2026\/03\/Write-Business-1000-980x980.png 980w, https:\/\/www.magicmasterminds.com\/espanol\/wp-content\/uploads\/2026\/03\/Write-Business-1000-480x480.png 480w\" sizes=\"(min-width: 0px) and (max-width: 480px) 480px, (min-width: 481px) and (max-width: 980px) 980px, (min-width: 981px) 1000px, 100vw\" class=\"wp-image-777\" \/><\/span><\/div>\n<\/div>\n\n<div class=\"et_pb_column_4 et_pb_column et_pb_column_1_2 et-last-child et_block_column et_pb_css_mix_blend_mode_passthrough\">\n<div class=\"et_pb_text_3 et_pb_text et_pb_bg_layout_light et_animated et_pb_module et_grid_module\"><div class=\"et_pb_text_inner\"><p class=\"p1\">Bienvenidos al primer curso de la serie Escribe negocios. Este primer curso, <strong>\u201cEscribe documentos de negocio que encantan en la era digital\u201d<\/strong>, te invita a escribir un documento de negocios, aprovechando el poder de la inteligencia artificial. Tu producto es tu protagonista; d\u00e9jalo que se exprese con su voz, que toque las emociones de tu lector a la vez que las soporta con pragmatismo. H\u00e1blales a tus clientes de lo que m\u00e1s les importa.<\/p>\n<\/div><\/div>\n<\/div>\n<\/div>\n<\/div>\n\n<div class=\"et_pb_section_2 et_pb_section et_section_regular et_grid_section preset--module--divi-section--default\">\n<div class=\"et_pb_row_3 et_pb_row et_pb_equal_columns et_block_row\">\n<div class=\"et_pb_column_5 et_pb_column et_pb_column_4_4 et-last-child et_block_column et_pb_css_mix_blend_mode_passthrough\">\n<div class=\"et_pb_text_4 et_pb_text et_pb_bg_layout_light et_animated et_pb_module et_block_module\"><div class=\"et_pb_text_inner\"><h2><strong>Toma uno de tus productos o servicios y vente a escribir un documento de negocio que encanta.<\/strong><\/h2>\n<\/div><\/div>\n\n<div class=\"et_pb_module et_pb_button_module_wrapper et_pb_button_0_wrapper\"><a class=\"et_pb_button_0 et_pb_button et_pb_bg_layout_dark et_pb_module et_flex_module\" href=\"https:\/\/api.whatsapp.com\/send\/?phone=525568181228&#038;text&#038;type=phone_number&#038;app_absent=0\" target=\"_blank\" data-icon=\"$\" rel=\"noopener\">Lo haremos juntos<\/a><\/div>\n<\/div>\n<\/div>\n\n<div class=\"et_pb_row_4 et_pb_row et_flex_row\">\n<div class=\"et_pb_column_6 et_pb_column et-last-child et_flex_column et_pb_css_mix_blend_mode_passthrough et_flex_column_24_24 et_flex_column_24_24_tablet et_flex_column_24_24_phone et_flex_column_24_24_phoneWide\">\n<div class=\"et_pb_module et_pb_button_module_wrapper et_pb_button_1_wrapper\"><a class=\"et_pb_button_1 et_pb_button et_pb_bg_layout_dark et_pb_module et_block_module\" href=\"https:\/\/www.udemy.com\/course\/escribe-documentos-de-negocio-que-encantan-en-la-era-digital\/?couponCode=6C95864D4A59A6A0D6B2\" target=\"_blank\" rel=\"noopener\">Accede al curso &quot;escribe documentos de negocios que encantan en la era digital&quot;, en udemy<\/a><\/div>\n\n<div class=\"et_pb_text_5 et_pb_text et_pb_bg_layout_dark et_animated et_pb_module et_block_module\"><div class=\"et_pb_text_inner\"><h3>Curso <strong>\"Escribe documentos de negocio que encantan en la era digital\"<\/strong><\/h3>\n<p class=\"p1\">Posici\u00f3nate como una autoridad en tu tema, rel\u00e1cionate con tus lectores.<\/p>\n<p class=\"p1\">Tus documentos de negocios son historias donde tu protagonista se acerca a tu lector y expone su punto de vista. Abre puertas y nuevas oportunidades.<\/p>\n<p class=\"p1\" style=\"text-align: left;\">M\u00f3dulos:<\/p>\n<ul class=\"ol1\">\n<li class=\"li1\" style=\"text-align: left;\">\n<p class=\"p1\"><b>M\u00f3dulo 1. Planea y estructura tu documento de negocios.<\/b><\/p>\n<\/li>\n<li class=\"li1\" style=\"text-align: left;\">\n<p class=\"p1\"><b>M\u00f3dulo 2. I+D, datos y recursos. El poder de la IA.<\/b><\/p>\n<\/li>\n<li class=\"li1\" style=\"text-align: left;\">\n<p class=\"p1\"><b>M\u00f3dulo 3. Tus productos y servicios son los protagonistas.<\/b><\/p>\n<\/li>\n<li class=\"li1\" style=\"text-align: left;\">\n<p class=\"p1\"><b>M\u00f3dulo 4. <\/b><b>Los secretos de la redacci\u00f3n poderosa.<\/b><\/p>\n<\/li>\n<li class=\"li1\" style=\"text-align: left;\">\n<p class=\"p1\"><b>M\u00f3dulo 5. <\/b><b> Ya tienes un borrador; empecemos a revisar.<\/b><\/p>\n<\/li>\n<\/ul>\n<h3 class=\"p1\"><a href=\"https:\/\/www.udemy.com\/course\/escribe-documentos-de-negocio-que-encantan-en-la-era-digital\/?couponCode=6C95864D4A59A6A0D6B2\" target=\"_blank\" rel=\"noopener\"><strong>Modalidad: UDEMY <\/strong><\/a><\/h3>\n<p class=\"p1\"><strong>Nota: S\u00ed, despu\u00e9s de tomar el curso en UDEMY, decides que quieres tomar el curso completo en l\u00ednea con taller, recibir\u00e1s un descuento equivalente a lo que pagaste en Udemy.\u00a0<\/strong><\/p>\n<\/div><\/div>\n<\/div>\n<\/div>\n\n<div class=\"et_pb_row_5 et_pb_row et_flex_row\">\n<div class=\"et_pb_column_7 et_pb_column et-last-child et_flex_column et_pb_css_mix_blend_mode_passthrough et_flex_column_24_24 et_flex_column_24_24_tablet et_flex_column_24_24_phone et_flex_column_24_24_phoneWide\">\n<div class=\"et_pb_divider_0 et_pb_divider et_pb_space et_pb_divider_position_top et_pb_module\"><div class=\"et_pb_divider_internal\"><\/div><\/div>\n<\/div>\n<\/div>\n\n<div class=\"et_pb_row_6 et_pb_row et_pb_equal_columns et_pb_gutters2 et_block_row\">\n<div class=\"et_pb_column_8 et_pb_column et_pb_column_2_3 et_block_column et_pb_css_mix_blend_mode_passthrough\">\n<div class=\"et_pb_module et_pb_button_module_wrapper et_pb_button_2_wrapper\"><a class=\"et_pb_button_2 et_pb_button et_pb_bg_layout_dark et_pb_module et_block_module\" href=\"https:\/\/drive.google.com\/file\/d\/1rZpvvr01NiZVJ9KFSDrK_rZ8XEij6UVU\/view?usp=sharing\" target=\"_blank\" rel=\"noopener\">Descarga el folleto del curso &quot;Escribe documentos de negocio que encantan en la era digital&quot; Abril 2026<\/a><\/div>\n\n<div class=\"et_pb_text_6 et_pb_text et_pb_bg_layout_dark et_animated et_pb_module et_block_module\"><div class=\"et_pb_text_inner\"><h3>Curso <strong>\"Escribe documentos de negocio que encantan en la era digital\"<\/strong><\/h3>\n<p class=\"p1\">Posici\u00f3nate como una autoridad en tu tema, rel\u00e1cionate con tus lectores.<\/p>\n<p class=\"p1\">Tus documentos de negocios son historias donde tu protagonista se acerca a tu lector y expone su punto de vista. Abre puertas y nuevas oportunidades.<span class=\"Apple-converted-space\">\u00a0<\/span><\/p>\n<p class=\"p1\" style=\"text-align: left;\">M\u00f3dulos:<\/p>\n<ul class=\"ol1\">\n<li class=\"li1\" style=\"text-align: left;\">\n<p class=\"p1\"><b>M\u00f3dulo 1. Planea y estructura tu documento de negocios.<\/b><\/p>\n<\/li>\n<li class=\"li1\" style=\"text-align: left;\">\n<p class=\"p1\"><b>M\u00f3dulo 2. I+D, datos y recursos. El poder de la IA.<\/b><\/p>\n<\/li>\n<li class=\"li1\" style=\"text-align: left;\">\n<p class=\"p1\"><b>M\u00f3dulo 3. Tus productos y servicios son los protagonistas.<\/b><\/p>\n<\/li>\n<li class=\"li1\" style=\"text-align: left;\">\n<p class=\"p1\"><b>M\u00f3dulo 4. <\/b><b>Los secretos de la redacci\u00f3n poderosa.<\/b><\/p>\n<\/li>\n<li class=\"li1\" style=\"text-align: left;\">\n<p class=\"p1\"><b>M\u00f3dulo 5. Los tiempos y las personas. El encanto.<\/b><\/p>\n<\/li>\n<li class=\"li1\" style=\"text-align: left;\">\n<p class=\"p1\"><b>M\u00f3dulo 6. Ya tienes un borrador; empecemos a revisar.<\/b><\/p>\n<\/li>\n<\/ul>\n<p class=\"p1\"><strong>Modalidad: en l\u00ednea.<\/strong><\/p>\n<p class=\"p1\"><strong>Duraci\u00f3n: Seis sesiones de dos horas, incluyendo taller.<\/strong><\/p>\n<p class=\"p1\"><strong>Fechas y horario: Cont\u00e1ctame.<\/strong><\/p>\n<p class=\"p1\"><strong>Costo:<\/strong><\/p>\n<p class=\"p1\"><strong>$649 USD por persona.<\/strong><\/p>\n<p class=\"p1\"><strong>$449 USD por persona para grupos de tres o m\u00e1s asistentes.<\/strong><\/p>\n<\/div><\/div>\n<\/div>\n\n<div class=\"et_pb_column_9 et_pb_column et_pb_column_1_3 et-last-child et_block_column et_pb_css_mix_blend_mode_passthrough\">\n<div class=\"et_pb_image_1 et_pb_image et_pb_module et_flex_module\"><span class=\"et_pb_image_wrap\"><img loading=\"lazy\" decoding=\"async\" src=\"https:\/\/www.magicmasterminds.com\/espanol\/wp-content\/uploads\/2026\/04\/Skeleton-people-500.png\" title=\"Skeleton-people 500\" width=\"1000\" height=\"1000\" srcset=\"https:\/\/www.magicmasterminds.com\/espanol\/wp-content\/uploads\/2026\/04\/Skeleton-people-500.png 1000w, https:\/\/www.magicmasterminds.com\/espanol\/wp-content\/uploads\/2026\/04\/Skeleton-people-500-980x980.png 980w, https:\/\/www.magicmasterminds.com\/espanol\/wp-content\/uploads\/2026\/04\/Skeleton-people-500-480x480.png 480w\" sizes=\"(min-width: 0px) and (max-width: 480px) 480px, (min-width: 481px) and (max-width: 980px) 980px, (min-width: 981px) 1000px, 100vw\" class=\"wp-image-834\" \/><\/span><\/div>\n\n<div class=\"et_pb_contact_form_0 et_pb_contact_form_container clearfix et_animated et_pb_module et_flex_module\" data-form_unique_num=\"0\" data-form_unique_id=\"7067d836e5cc6b8d0df5f1ee01accc26\" id=\"et_pb_contact_form_0\"><h2 class=\"et_pb_contact_main_title\">S\u00ed quiero<\/h2><div class=\"et-pb-contact-message\"><\/div><div class=\"et_pb_contact\"><form class=\"et_pb_contact_form et_flex_module\" method=\"post\" action=\"https:\/\/www.magicmasterminds.com\/espanol\/wp-json\/wp\/v2\/pages\/784\">\n<div class=\"et_pb_contact_field_0 et_pb_contact_field et_pb_module et_flex_module et_flex_column_12_24 et_flex_column_12_24_tablet et_flex_column_12_24_phone et_flex_column_12_24_phoneWide\" data-id=\"first_name\" data-type=\"input\"><label class=\"et_pb_contact_form_label\" for=\"et_pb_contact_0_first_name_0\">Nombre<\/label><input type=\"text\" name=\"et_pb_contact_0_first_name_0\" id=\"et_pb_contact_0_first_name_0\" class=\"input\" data-required_mark=\"required\" data-field_type=\"input\" data-original_id=\"first_name\" placeholder=\"Nombre\" title=\"\" value=\"\" \/><\/div>\n\n<div class=\"et_pb_contact_field_1 et_pb_contact_field et_pb_module et_flex_module et_flex_column_12_24 et_flex_column_12_24_tablet et_flex_column_12_24_phone et_flex_column_12_24_phoneWide\" data-id=\"last_name\" data-type=\"input\"><label class=\"et_pb_contact_form_label\" for=\"et_pb_contact_0_last_name_1\">Apellido<\/label><input type=\"text\" name=\"et_pb_contact_0_last_name_1\" id=\"et_pb_contact_0_last_name_1\" class=\"input\" data-required_mark=\"required\" data-field_type=\"input\" data-original_id=\"last_name\" placeholder=\"Apellido\" title=\"\" value=\"\" \/><\/div>\n\n<div class=\"et_pb_contact_field_2 et_pb_contact_field et_pb_module et_flex_module et_flex_column_24_24 et_flex_column_24_24_tablet et_flex_column_24_24_phone et_flex_column_24_24_phoneWide\" data-id=\"email\" data-type=\"email\"><label class=\"et_pb_contact_form_label\" for=\"et_pb_contact_0_email_2\">Correo electr\u00f3nico<\/label><input type=\"text\" name=\"et_pb_contact_0_email_2\" id=\"et_pb_contact_0_email_2\" class=\"input\" data-required_mark=\"required\" data-field_type=\"email\" data-original_id=\"email\" placeholder=\"Correo electr\u00f3nico\" title=\"\" value=\"\" \/><\/div>\n\n<div class=\"et_pb_contact_field_3 et_pb_contact_field et_pb_module et_flex_module et_flex_column_24_24 et_flex_column_24_24_tablet et_flex_column_24_24_phone et_flex_column_24_24_phoneWide\" data-id=\"phone\" data-type=\"input\"><label class=\"et_pb_contact_form_label\" for=\"et_pb_contact_0_phone_3\">Tel\u00e9fono m\u00f3vil<\/label><input type=\"text\" name=\"et_pb_contact_0_phone_3\" id=\"et_pb_contact_0_phone_3\" class=\"input\" data-required_mark=\"required\" data-field_type=\"input\" data-original_id=\"phone\" placeholder=\"Tel\u00e9fono m\u00f3vil\" pattern=\"[0-9\\s\\-]*\" title=\"Only numbers allowed.\" value=\"\" \/><\/div>\n\n<div class=\"et_pb_contact_field_4 et_pb_contact_field et_pb_module et_flex_module et_flex_column_24_24 et_flex_column_24_24_tablet et_flex_column_24_24_phone et_flex_column_24_24_phoneWide\" data-id=\"code\" data-type=\"select\"><label class=\"et_pb_contact_form_label\" for=\"et_pb_contact_0_code_4\">N\u00famero de personas<\/label><select name=\"et_pb_contact_0_code_4\" id=\"et_pb_contact_0_code_4\" class=\"et_pb_contact_select input\" data-required_mark=\"required\" data-field_type=\"select\" data-original_id=\"code\"><option value=\"\">N\u00famero de personas<\/option><option value=\"1\" data-id=\"\">1<\/option><option value=\"2\" data-id=\"\">2<\/option><option value=\"3\" data-id=\"\">3<\/option><option value=\"4\" data-id=\"\">4<\/option><option value=\"5\" data-id=\"\">5<\/option><option value=\"6\" data-id=\"\">6<\/option><option value=\"7\" data-id=\"\">7<\/option><option value=\"8\" data-id=\"\">8<\/option><option value=\"9\" data-id=\"\">9<\/option><option value=\"10\" data-id=\"\">10<\/option><\/select><\/div>\n<input type=\"hidden\" name=\"et_pb_contactform_submit_7067d836e5cc6b8d0df5f1ee01accc26\" value=\"et_contact_proccess\" \/><div class=\"et_contact_bottom_container\"><div class=\"et_pb_contact_right et_pb_contact_field\"><p class=\"clearfix\"><span class=\"et_pb_contact_captcha_question\">2 + 12<\/span> = <input type=\"text\" size=\"2\" class=\"input et_pb_contact_captcha\" data-first_digit=\"2\" data-second_digit=\"12\" data-required_mark=\"required\" name=\"et_pb_contact_captcha_7067d836e5cc6b8d0df5f1ee01accc26\" autocomplete=\"off\" \/><\/p><\/div><div class=\"et_pb_button_wrapper\"><button type=\"submit\" name=\"et_builder_submit_button\" class=\"et_pb_button et_pb_contact_submit\" data-icon=\"$\">Acomp\u00e1\u00f1ame<\/button><\/div><\/div><input type=\"hidden\" id=\"_wpnonce-et-pb-contact-form-submitted-7067d836e5cc6b8d0df5f1ee01accc26\" name=\"_wpnonce-et-pb-contact-form-submitted-7067d836e5cc6b8d0df5f1ee01accc26\" value=\"f72f04230a\" \/><input type=\"hidden\" name=\"_wp_http_referer\" value=\"\/espanol\/wp-json\/wp\/v2\/pages\/784\" \/><\/form><\/div><\/div>\n<\/div>\n<\/div>\n<\/div>\n\n<div class=\"et_pb_section_3 et_pb_section et_section_regular et_block_section preset--module--divi-section--default\">\n<div class=\"et_pb_row_7 et_pb_row et_block_row\">\n<div class=\"et_pb_column_10 et_pb_column et_pb_column_1_2 et_block_column et_pb_css_mix_blend_mode_passthrough\">\n<div class=\"et_pb_image_2 et_pb_image et_animated et_pb_module et_block_module\"><span class=\"et_pb_image_wrap\"><img loading=\"lazy\" decoding=\"async\" src=\"https:\/\/www.magicmasterminds.com\/espanol\/wp-content\/uploads\/2026\/04\/Skeleton-content-500.png\" title=\"Skeleton content 500\" width=\"1000\" height=\"886\" srcset=\"https:\/\/www.magicmasterminds.com\/espanol\/wp-content\/uploads\/2026\/04\/Skeleton-content-500.png 1000w, https:\/\/www.magicmasterminds.com\/espanol\/wp-content\/uploads\/2026\/04\/Skeleton-content-500-980x868.png 980w, https:\/\/www.magicmasterminds.com\/espanol\/wp-content\/uploads\/2026\/04\/Skeleton-content-500-480x425.png 480w\" sizes=\"(min-width: 0px) and (max-width: 480px) 480px, (min-width: 481px) and (max-width: 980px) 980px, (min-width: 981px) 1000px, 100vw\" class=\"wp-image-951\" alt=\"Magic Book\" \/><\/span><\/div>\n<\/div>\n\n<div class=\"et_pb_column_11 et_pb_column et_pb_column_1_2 et-last-child et_block_column et_pb_css_mix_blend_mode_passthrough\">\n<div class=\"et_pb_divider_1 et_pb_divider et_pb_space et_pb_divider_position_center et_animated et_pb_module\"><div class=\"et_pb_divider_internal\"><\/div><\/div>\n\n<div class=\"et_pb_text_7 et_pb_text et_pb_bg_layout_dark et_animated et_pb_module et_block_module\"><div class=\"et_pb_text_inner\"><h2>Tu documento de negocios quiere brillar.<\/h2>\n<\/div><\/div>\n<\/div>\n<\/div>\n<\/div>\n\n<div class=\"et_pb_section_4 et_pb_section et_section_regular et_block_section preset--module--divi-section--default\">\n<div class=\"et_pb_row_8 et_pb_row et_block_row\">\n<div class=\"et_pb_column_12 et_pb_column et_pb_column_4_4 et-last-child et_block_column et_pb_css_mix_blend_mode_passthrough\">\n<div class=\"et_pb_text_8 et_pb_text et_pb_bg_layout_light et_animated et_pb_module et_block_module\"><div class=\"et_pb_text_inner\"><h2>Contacto<\/h2>\n<\/div><\/div>\n\n<div class=\"et_pb_divider_2 et_pb_divider et_pb_space et_pb_divider_position_center et_animated et_pb_module\"><div class=\"et_pb_divider_internal\"><\/div><\/div>\n<\/div>\n<\/div>\n\n<div class=\"et_pb_row_9 et_pb_row et_pb_equal_columns et_block_row\">\n<div class=\"et_pb_column_13 et_pb_column et_pb_column_4_4 et-last-child et_block_column et_pb_css_mix_blend_mode_passthrough\">\n<div class=\"et_pb_text_9 et_pb_text et_pb_bg_layout_light et_animated et_pb_module et_block_module\"><div class=\"et_pb_text_inner\"><h3>Curso \"Escribe documentos de negocios que encantan\"<\/h3>\n<p>El curso en vivo tiene cupo limitado. M\u00ednimo dos, m\u00e1ximo 10 participantes por curso. \u00a1Cont\u00e1ctame para mayor informaci\u00f3n!<\/p>\n<\/div><\/div>\n\n<div class=\"et_pb_module et_pb_button_module_wrapper et_pb_button_3_wrapper\"><a class=\"et_pb_button_3 et_pb_button et_pb_bg_layout_dark et_pb_module et_block_module\" href=\"https:\/\/api.whatsapp.com\/send\/?phone=525568181228&#038;text&#038;type=phone_number&#038;app_absent=0\" data-icon=\"$\" target=\"_blank\" rel=\"noopener\">Te acompa\u00f1o<\/a><\/div>\n<\/div>\n<\/div>\n<\/div>\n\n<div class=\"et_pb_section_5 et_pb_section et_section_regular et_grid_section preset--module--divi-section--default\"><div class=\"et_pb_row_10 et_pb_row et_block_row\"><div class=\"et_pb_column_14 et_pb_column et_pb_column_4_4 et-last-child et_block_column et_pb_css_mix_blend_mode_passthrough\"><div class=\"et_pb_text_10 et_pb_text et_pb_bg_layout_light et_pb_module et_block_module\"><div class=\"et_pb_text_inner\"><h2 style=\"text-align: center;\">S\u00edgueme<\/h2>\n<\/div><\/div><ul class=\"et_pb_social_media_follow_0 et_pb_social_media_follow clearfix et_pb_bg_layout_light et_pb_text_align_center et_pb_module et_block_module\"><li class=\"et_pb_social_media_follow_network_0 et_pb_social_media_follow_network et_pb_social_icon et_pb_social_network_link et-social-facebook et_pb_module et_flex_module\"><a href=\"https:\/\/www.facebook.com\/MonicPaul\" class=\"icon\" target=\"_self\" title=\"Follow on Facebook\" rel=\"noopener\"><span class=\"et_pb_social_media_follow_network_name\">Follow<\/span><\/a><\/li><li class=\"et_pb_social_media_follow_network_1 et_pb_social_media_follow_network et_pb_social_icon et_pb_social_network_link et-social-instagram et_pb_module et_flex_module\"><a href=\"https:\/\/www.instagram.com\/monicmpaul\" class=\"icon\" target=\"_self\" title=\"Follow on Instagram\" rel=\"noopener\"><span class=\"et_pb_social_media_follow_network_name\">Follow<\/span><\/a><\/li><li class=\"et_pb_social_media_follow_network_2 et_pb_social_media_follow_network et_pb_social_icon et_pb_social_network_link et-pb-social-fa-icon et-social-medium et_pb_module et_flex_module\"><a href=\"https:\/\/medium.com\/@MonicPaul\" class=\"icon\" target=\"_self\" title=\"Follow on Medium\" rel=\"noopener\"><span class=\"et_pb_social_media_follow_network_name\">Follow<\/span><\/a><\/li><li class=\"et_pb_social_media_follow_network_3 et_pb_social_media_follow_network et_pb_social_icon et_pb_social_network_link et-social-linkedin et_pb_module et_flex_module\"><a href=\"https:\/\/www.linkedin.com\/in\/monicapaul\/\" class=\"icon\" target=\"_self\" title=\"Follow on Linkedin\" rel=\"noopener\"><span class=\"et_pb_social_media_follow_network_name\">Follow<\/span><\/a><\/li><li class=\"et_pb_social_media_follow_network_4 et_pb_social_media_follow_network et_pb_social_icon et_pb_social_network_link et-pb-social-fa-icon et-social-whatsapp et_pb_module et_flex_module\"><a href=\"https:\/\/api.whatsapp.com\/send\/?phone=525568181228&#038;text&#038;type=phone_number&#038;app_absent=0\" class=\"icon\" target=\"_self\" title=\"Follow on Whatsapp\" rel=\"noopener\"><span class=\"et_pb_social_media_follow_network_name\">Follow<\/span><\/a><\/li><\/ul><\/div><\/div><\/div>","protected":false},"excerpt":{"rendered":"","protected":false},"author":1,"featured_media":0,"parent":0,"menu_order":0,"comment_status":"closed","ping_status":"closed","template":"","meta":{"footnotes":""},"class_list":["post-784","page","type-page","status-publish","hentry"],"_links":{"self":[{"href":"https:\/\/www.magicmasterminds.com\/espanol\/wp-json\/wp\/v2\/pages\/784","targetHints":{"allow":["GET"]}}],"collection":[{"href":"https:\/\/www.magicmasterminds.com\/espanol\/wp-json\/wp\/v2\/pages"}],"about":[{"href":"https:\/\/www.magicmasterminds.com\/espanol\/wp-json\/wp\/v2\/types\/page"}],"author":[{"embeddable":true,"href":"https:\/\/www.magicmasterminds.com\/espanol\/wp-json\/wp\/v2\/users\/1"}],"replies":[{"embeddable":true,"href":"https:\/\/www.magicmasterminds.com\/espanol\/wp-json\/wp\/v2\/comments?post=784"}],"version-history":[{"count":80,"href":"https:\/\/www.magicmasterminds.com\/espanol\/wp-json\/wp\/v2\/pages\/784\/revisions"}],"predecessor-version":[{"id":1033,"href":"https:\/\/www.magicmasterminds.com\/espanol\/wp-json\/wp\/v2\/pages\/784\/revisions\/1033"}],"wp:attachment":[{"href":"https:\/\/www.magicmasterminds.com\/espanol\/wp-json\/wp\/v2\/media?parent=784"}],"curies":[{"name":"wp","href":"https:\/\/api.w.org\/{rel}","templated":true}]}}